{"id":67,"date":"2019-04-27T21:22:22","date_gmt":"2019-04-27T21:22:22","guid":{"rendered":"https:\/\/neu.kultuerchen.org\/?page_id=67"},"modified":"2019-04-29T14:15:17","modified_gmt":"2019-04-29T14:15:17","slug":"startseite","status":"publish","type":"page","link":"https:\/\/kultuerchen.org\/","title":{"rendered":"Willkommen auf der Webseite vom Kult\u00fcrchen"},"content":{"rendered":"\n<p>Zweck des Vereins ist die F\u00f6rderung von <strong>Musik, Kunst, Kultur, Sport, Bildung und Erziehung<\/strong> sowie die\u00a0<strong>Unterst\u00fctzung hilfsbed\u00fcrftiger Personen<\/strong>\u00a0im Sinne des \u00a7 53 AO von Kindern, Jugendlichen und Erwachsenen in der der Stadt Burgdorf. Der Vereinszweck wird insbesondere verwirklicht durch:<\/p>\n\n\n\n<ul class=\"wp-block-list\"><li>Heranf\u00fchren von Kindern und Jugendlichen zu einer sportlich aktiven gesundheitsf\u00f6rdernden Gestaltung ihrer Freizeit. Es werden AGs und Gruppen im Bereich Kinder- und Jugendzirkusarbeit angeboten, die ein kontinuierliches Trainingsprogramm absolvieren. Dar\u00fcber hinaus wird in offenen Gruppen ein erlebnisorientiertes Training in neuen Sportdisziplinen angeboten (z.B. Klettern, Parkour, Breakdance, Capoeira, Hackysack u.a.).<\/li><li>Demokratische Teilhabe von Kindern, Jugendlichen und Erwachsenen an Entscheidungsprozessen, die ihr konkretes Lebensumfeld betreffen.<\/li><li>F\u00f6rdern des Prinz-Projekts, in welchem Kinder eine gesunde Mahlzeit und eine intensive Hausaufgabenbegleitung erhalten.<\/li><li>St\u00e4rkung des kreativen und k\u00fcnstlerischen Ausdrucksverm\u00f6gens von Menschen in den Bereichen Musik, Theater, Sport, bildender Kunst, Sprache und Spiel. Dies verwirklichen wir durch Veranstaltung von Konzerten, Lesungen und Ausstellungen in Zusammenarbeit mit Kulturschaffenden aus der Region Hannover.<\/li><li>Durchf\u00fchrung von Bildungsveranstaltungen und Workshops.<\/li><\/ul>\n\n\n\n<h3 class=\"wp-block-heading\">Spenden &amp; Unterst\u00fctzung<\/h3>\n\n\n\n<p>Die Arbeit des F\u00f6rdervereins KulT\u00fcrchen e.V. ist ohne die vielen ehrenamtlichen HelferInnen nicht m\u00f6glich, aber dar\u00fcber hinaus ben\u00f6tigen wir dennoch f\u00fcr viele Angebote auch Geld- und Sachspenden. Wir verwenden diese Spendengelder f\u00fcr laufende und geplante Projekte. Unsere Projekte beziehen sich auf die Arbeit mit Jugendlichen und Kindern im Umfeld des Johnny B.<br>Wenn Sie uns finanziell unterst\u00fctzen m\u00f6chten, hier ist unsere Bankverbindung:<\/p>\n\n\n\n<p><strong>IBAN: DE65 2515 1371 0000 038109<\/strong><br><strong>BIC: NOLA DE 21 BUF<\/strong><br><strong>Stadtsparkasse Burgdorf<\/strong><\/p>\n\n\n\n<p>Wir stellen auf Wunsch eine Spendenquittung aus, denn wir sind mit als eingetragener Verein (Amtsgericht Burgdorf VR 200638) als besonders f\u00f6rderungsw\u00fcrdig und gemeinn\u00fctzig anerkannt.<\/p>\n\n\n\n<h3 class=\"wp-block-heading\">Satzung<\/h3>\n\n\n\n<p>Die Satzung des KulT\u00fcrchen e.V. k\u00f6nnen Sie hier als PDF-Datei herunterladen. Beachtet bitte, dass zum Lesen der <a rel=\"noreferrer noopener\" href=\"http:\/\/get.adobe.com\/de\/reader\/\" target=\"_blank\">Adobe Reader <\/a>ben\u00f6tigt wird. <\/p>\n\n\n\n<p>Unsere Beitrittserkl\u00e4rung und Satzung k\u00f6nnen Sie hier als PDF Dokument herunterladen:<\/p>\n\n\n\n<div class=\"wp-block-file\"><a href=\"https:\/\/neu.kultuerchen.org\/wp-content\/uploads\/2019\/04\/Beitrittserklaerung_KulTuerchen.pdf\">Beitrittserk\u00e4erung<\/a><a href=\"https:\/\/neu.kultuerchen.org\/wp-content\/uploads\/2019\/04\/Beitrittserklaerung_KulTuerchen.pdf\" class=\"wp-block-file__button\" download>Herunterladen<\/a><\/div>\n\n\n\n<div class=\"wp-block-file\"><a href=\"https:\/\/neu.kultuerchen.org\/wp-content\/uploads\/2019\/04\/KulTuerchen_Satzung.pdf\">Satzung<\/a><a href=\"https:\/\/neu.kultuerchen.org\/wp-content\/uploads\/2019\/04\/KulTuerchen_Satzung.pdf\" class=\"wp-block-file__button\" download>Herunterladen<\/a><\/div>\n\n\n\n\n\n<h3 class=\"wp-block-heading\">Anfahrt<\/h3>\n\n\n\n<p><p style=\"text-align: justify;\">Das KulT\u00fcrchen hat seinen Vereinssitz im Jugendzentrum des JohnnyB, Sorgenser Stra\u00dfe 30, 31303 Burgdorf. Wenn Sie von au\u00dferhalb kommen, erreichen Sie die Sorgenser Stra\u00dfe direkt, wenn Sie die Umgehungsstra\u00dfe Nord nutzen und die Ausfahrt Burgdorf-Nord stadteinw\u00e4rts nutzen. Hier der Standort als Google Map.<\/p>\n<iframe loading=\"lazy\" src=\"https:\/\/maps.google.de\/maps?f=q&amp;source=s_q&amp;hl=de&amp;geocode=&amp;q=+sorgenser+str.+30+31303+burgdorf&amp;aq=&amp;sll=51.175806,10.454119&amp;sspn=8.296045,21.643066&amp;ie=UTF8&amp;hq=&amp;hnear=Sorgenser+Stra%C3%9Fe+30,+31303+Burgdorf&amp;t=m&amp;z=14&amp;ll=52.45193,10.01583&amp;output=embed\" width=\"425\" height=\"350\" frameborder=\"0\" marginwidth=\"0\" marginheight=\"0\" scrolling=\"no\"><\/iframe>\n<small><a style=\"color: #0000ff; text-align: left;\" href=\"https:\/\/maps.google.de\/maps?f=q&amp;source=embed&amp;hl=de&amp;geocode=&amp;q=+sorgenser+str.+30+31303+burgdorf&amp;aq=&amp;sll=51.175806,10.454119&amp;sspn=8.296045,21.643066&amp;ie=UTF8&amp;hq=&amp;hnear=Sorgenser+Stra%C3%9Fe+30,+31303+Burgdorf&amp;t=m&amp;z=14&amp;ll=52.45193,10.01583\">Gr\u00f6\u00dfere Kartenansicht<\/a><\/small><\/p>\n","protected":false},"excerpt":{"rendered":"<p>Zweck des Vereins ist die F\u00f6rderung von Musik, Kunst, Kultur, Sport, Bildung und Erziehung sowie die\u00a0Unterst\u00fctzung hilfsbed\u00fcrftiger Personen\u00a0im Sinne des \u00a7 53 AO von Kindern, Jugendlichen und Erwachsenen in der der Stadt Burgdorf. Der Vereinszweck wird insbesondere verwirklicht durch: Heranf\u00fchren von Kindern und Jugendlichen zu einer sportlich aktiven gesundheitsf\u00f6rdernden Gestaltung ihrer Freizeit. Es werden AGs &hellip; <\/p>\n<p class=\"link-more\"><a href=\"https:\/\/kultuerchen.org\/\" class=\"more-link\"><span class=\"screen-reader-text\">\u201eWillkommen auf der Webseite vom Kult\u00fcrchen\u201c <\/span>weiterlesen<\/a><\/p>\n","protected":false},"author":1,"featured_media":0,"parent":0,"menu_order":0,"comment_status":"closed","ping_status":"closed","template":"","meta":{"ngg_post_thumbnail":0,"footnotes":""},"class_list":["post-67","page","type-page","status-publish","hentry","entry"],"_links":{"self":[{"href":"https:\/\/kultuerchen.org\/index.php?rest_route=\/wp\/v2\/pages\/67","targetHints":{"allow":["GET"]}}],"collection":[{"href":"https:\/\/kultuerchen.org\/index.php?rest_route=\/wp\/v2\/pages"}],"about":[{"href":"https:\/\/kultuerchen.org\/index.php?rest_route=\/wp\/v2\/types\/page"}],"author":[{"embeddable":true,"href":"https:\/\/kultuerchen.org\/index.php?rest_route=\/wp\/v2\/users\/1"}],"replies":[{"embeddable":true,"href":"https:\/\/kultuerchen.org\/index.php?rest_route=%2Fwp%2Fv2%2Fcomments&post=67"}],"version-history":[{"count":7,"href":"https:\/\/kultuerchen.org\/index.php?rest_route=\/wp\/v2\/pages\/67\/revisions"}],"predecessor-version":[{"id":109,"href":"https:\/\/kultuerchen.org\/index.php?rest_route=\/wp\/v2\/pages\/67\/revisions\/109"}],"wp:attachment":[{"href":"https:\/\/kultuerchen.org\/index.php?rest_route=%2Fwp%2Fv2%2Fmedia&parent=67"}],"curies":[{"name":"wp","href":"https:\/\/api.w.org\/{rel}","templated":true}]}}