{"id":75,"date":"2019-04-29T13:41:07","date_gmt":"2019-04-29T13:41:07","guid":{"rendered":"https:\/\/neu.kultuerchen.org\/?page_id=75"},"modified":"2019-04-29T13:42:15","modified_gmt":"2019-04-29T13:42:15","slug":"kinder-und-jugendzirkus","status":"publish","type":"page","link":"https:\/\/kultuerchen.org\/?page_id=75","title":{"rendered":"Kinder und Jugendzirkus"},"content":{"rendered":"\n<p>Zirkus ist eine Welt voller M\u00f6glichkeiten, K\u00f6rper und die Seele k\u00f6nnen hier ihre Balance finden!<\/p>\n\n\n\n<p>Der Kinderzirkus&nbsp;<strong>Kritzpritzknuckelmuckeld\u00fc<\/strong>&nbsp;im JohnnyB. ist ein besonderes p\u00e4dagogisches Angebot f\u00fcr Kinder und Jugendliche im Alter von 6 \u2013 17 Jahren. Im Zirkus haben alle Kinder die M\u00f6glichkeit ihre Schl\u00fcsselkompetenz zu erwerben, auszuleben und noch nicht entdeckte Talente zu entdecken.<\/p>\n\n\n\n<p>Diese Kompetenz umfasst sowohl soziale und emotionale wie auch kreative, sportliche und artistische Bereiche des Handelns. Sich zu bewegen und kreativ zu bet\u00e4tigen macht allen Kindern viel Freude. Die psychomotorische Aktivit\u00e4t kann in unterschiedlichen Disziplinen ausgelebt werden. Durch verschiedenen K\u00f6rper \u2013 und Bewegungsaufgaben haben die Kinder die M\u00f6glichkeit ihren K\u00f6rper besser kennenzulernen (Rollen, Halten, Unterst\u00fctzen, Spannung und Entspannung). Sie lernen mit ihrem K\u00f6rper bewusst umzugehen aber auch ihre Grenzen zu erkennen.In den Proben werden folgende Inhalte vermittelt:<\/p>\n\n\n\n<p><strong>Jonglage&nbsp;<\/strong>\u2013wir vermitteln die Grundtechnik der Jonglage mit verschiedenen Gegenst\u00e4nden B\u00e4llen, Diabolo, T\u00fccher, Ringe, Keulen usw.<\/p>\n\n\n\n<p><strong>Seiltanz<\/strong>&nbsp;\u2013 hier k\u00f6nnen die Kinder balancieren auf der Seilanlage \u00fcben und mit kreativen Tanzelementen eine Choreografie ein\u00fcben.<\/p>\n\n\n\n<p><strong>Einrad fahren<\/strong>&nbsp;\u2013 auf einem Rad fahren, anfahren, im Kreis fahren oder mit einem oder mehrere K\u00fcnstlern andere kreative Bewegungen ausprobieren.<\/p>\n\n\n\n<p><strong>Stelzenlaufen<\/strong>\u2013 nachempfinden wie gro\u00df sich ein Riese f\u00fchlt. Geschult wird der Gleichgewichtssinn.<\/p>\n\n\n\n<p><strong>Clownerie<\/strong>&nbsp;\u2013 jedes Kind verbindet mit einer roten Nase einen Clown. Mit einer roten Nase und einem Hut und anderen Requisiten k\u00f6nnen die Kinder eigene Clown-Nummer entwickeln und sich in Comedy, Schauspiel und K\u00f6rpersprache phantasievoll \u00fcben<\/p>\n\n\n\n<p><strong>Laufkugel<\/strong>&nbsp;\u2013 auf einer gro\u00dfen Kugel laufen oder gehen, dabei einen Teller zu drehen muss wohl trainiert sein, Rola-Bola und Pedalo erg\u00e4nzen dabei das Programm.<\/p>\n\n\n\n<p>Die Aktion wird durchgef\u00fchrt von der Zirkusgruppe Kritzpritzknuckelmuckeld\u00fc mit Unterst\u00fctzung der Vereine \u201eKulT\u00fcrchen\u201c e.V., &nbsp;\u201cAlles Banane\u201d e. V. und dem JohnnyB.<\/p>\n","protected":false},"excerpt":{"rendered":"<p>Zirkus ist eine Welt voller M\u00f6glichkeiten, K\u00f6rper und die Seele k\u00f6nnen hier ihre Balance finden! Der Kinderzirkus&nbsp;Kritzpritzknuckelmuckeld\u00fc&nbsp;im JohnnyB. ist ein besonderes p\u00e4dagogisches Angebot f\u00fcr Kinder und Jugendliche im Alter von 6 \u2013 17 Jahren. Im Zirkus haben alle Kinder die M\u00f6glichkeit ihre Schl\u00fcsselkompetenz zu erwerben, auszuleben und noch nicht entdeckte Talente zu entdecken. Diese Kompetenz &hellip; <\/p>\n<p class=\"link-more\"><a href=\"https:\/\/kultuerchen.org\/?page_id=75\" class=\"more-link\"><span class=\"screen-reader-text\">\u201eKinder und Jugendzirkus\u201c <\/span>weiterlesen<\/a><\/p>\n","protected":false},"author":1,"featured_media":0,"parent":0,"menu_order":0,"comment_status":"closed","ping_status":"closed","template":"","meta":{"ngg_post_thumbnail":0,"footnotes":""},"class_list":["post-75","page","type-page","status-publish","hentry","entry"],"_links":{"self":[{"href":"https:\/\/kultuerchen.org\/index.php?rest_route=\/wp\/v2\/pages\/75","targetHints":{"allow":["GET"]}}],"collection":[{"href":"https:\/\/kultuerchen.org\/index.php?rest_route=\/wp\/v2\/pages"}],"about":[{"href":"https:\/\/kultuerchen.org\/index.php?rest_route=\/wp\/v2\/types\/page"}],"author":[{"embeddable":true,"href":"https:\/\/kultuerchen.org\/index.php?rest_route=\/wp\/v2\/users\/1"}],"replies":[{"embeddable":true,"href":"https:\/\/kultuerchen.org\/index.php?rest_route=%2Fwp%2Fv2%2Fcomments&post=75"}],"version-history":[{"count":2,"href":"https:\/\/kultuerchen.org\/index.php?rest_route=\/wp\/v2\/pages\/75\/revisions"}],"predecessor-version":[{"id":94,"href":"https:\/\/kultuerchen.org\/index.php?rest_route=\/wp\/v2\/pages\/75\/revisions\/94"}],"wp:attachment":[{"href":"https:\/\/kultuerchen.org\/index.php?rest_route=%2Fwp%2Fv2%2Fmedia&parent=75"}],"curies":[{"name":"wp","href":"https:\/\/api.w.org\/{rel}","templated":true}]}}