{"id":77,"date":"2019-04-29T13:41:07","date_gmt":"2019-04-29T13:41:07","guid":{"rendered":"https:\/\/neu.kultuerchen.org\/?page_id=77"},"modified":"2019-04-29T13:45:56","modified_gmt":"2019-04-29T13:45:56","slug":"rockhouse","status":"publish","type":"page","link":"https:\/\/kultuerchen.org\/?page_id=77","title":{"rendered":"Rockhouse"},"content":{"rendered":"\n<h3 class=\"wp-block-heading\">Rockhouse Musikerinitiative<\/h3>\n\n\n\n<p>Der<strong>&nbsp;Rockhouse e.V.<\/strong>, ist ein Zusammenschluss von Amateur Musikern und Musikinteressierten aus der Region Burgdorf\/Hannover. 1994&nbsp;wurde der Grundstein f\u00fcr die Musikerinitiative Rockhouse e.V. gelegt, die sich die F\u00f6rderung lokaler Bands und Musiker aller Genres zur Hauptaufgabe gemacht hat. Dies wird durch unterschiedliche Ma\u00dfnahmen verwirklicht:<\/p>\n\n\n\n<ul class=\"wp-block-list\"><li>Verbesserung der Proberaumsituation<\/li><li>Organisation von Workshops und Fortbildungen<\/li><li>Schaffung einer zus\u00e4tzlichen unabh\u00e4ngigen Auftrittsm\u00f6glichkeit f\u00fcr Musiker und K\u00fcnstler<\/li><li>Vernetzung mit regionalen und \u00fcberregionalen Organisationen und Bands<\/li><li>Konzertreihen und Einzelevents (z.B. Muckerfr\u00fcst\u00fcck, Oktobermarkt-B\u00fchne)<\/li><li><strong>Unterst\u00fctzung bei der Demo Erstellung (eigenes Studio)<\/strong><\/li><li><strong>Vermittlung von Gigs<\/strong><\/li><li>Hilfe beim Transport von Equipment<\/li><li>Beratung und Betreuung junger Musiker<\/li><\/ul>\n\n\n\n<h3 class=\"wp-block-heading\">Rockhouse Concerts<\/h3>\n\n\n\n<p> Die Sparte Rockhouse Concerts hat es sich als Ziel gesetzt, die Musikszene in Burgdorf zu f\u00f6rdern und die Arbeit der Sparte Rockhouse e.V. zu unterst\u00fctzen und zu erg\u00e4nzen. Schwerpunkt von Rockhouse Concerts sind hierbei, die Organisation und Durchf\u00fchrung von Konzerten in Burgdorf und Umgebung. <\/p>\n\n\n\n<p>Facebook: <a rel=\"noreferrer noopener\" aria-label=\"https:\/\/de-de.facebook.com\/rockhouseconcert (\u00f6ffnet in neuem Tab)\" href=\"https:\/\/de-de.facebook.com\/rockhouseconcert\" target=\"_blank\">https:\/\/de-de.facebook.com\/rockhouseconcert<\/a><\/p>\n\n\n\n<p><\/p>\n\n\n\n<p>Homepage: <a href=\"https:\/\/www.rockhouse-concerts.de\" target=\"_blank\" rel=\"noreferrer noopener\" aria-label=\"https:\/\/www.rockhouse-concerts.de (\u00f6ffnet in neuem Tab)\">https:\/\/www.rockhouse-concerts.de<\/a><\/p>\n\n\n\n<p>Tickets: <a href=\"https:\/\/tickets.rockhouse-concerts.de\" target=\"_blank\" rel=\"noreferrer noopener\" aria-label=\"https:\/\/tickets.rockhouse-concerts.de (\u00f6ffnet in neuem Tab)\">https:\/\/tickets.rockhouse-concerts.de<\/a> <\/p>\n\n\n\n<p><\/p>\n","protected":false},"excerpt":{"rendered":"<p>Rockhouse Musikerinitiative Der&nbsp;Rockhouse e.V., ist ein Zusammenschluss von Amateur Musikern und Musikinteressierten aus der Region Burgdorf\/Hannover. 1994&nbsp;wurde der Grundstein f\u00fcr die Musikerinitiative Rockhouse e.V. gelegt, die sich die F\u00f6rderung lokaler Bands und Musiker aller Genres zur Hauptaufgabe gemacht hat. Dies wird durch unterschiedliche Ma\u00dfnahmen verwirklicht: Verbesserung der Proberaumsituation Organisation von Workshops und Fortbildungen Schaffung einer &hellip; <\/p>\n<p class=\"link-more\"><a href=\"https:\/\/kultuerchen.org\/?page_id=77\" class=\"more-link\"><span class=\"screen-reader-text\">\u201eRockhouse\u201c <\/span>weiterlesen<\/a><\/p>\n","protected":false},"author":1,"featured_media":0,"parent":0,"menu_order":0,"comment_status":"closed","ping_status":"closed","template":"","meta":{"ngg_post_thumbnail":0,"footnotes":""},"class_list":["post-77","page","type-page","status-publish","hentry","entry"],"_links":{"self":[{"href":"https:\/\/kultuerchen.org\/index.php?rest_route=\/wp\/v2\/pages\/77","targetHints":{"allow":["GET"]}}],"collection":[{"href":"https:\/\/kultuerchen.org\/index.php?rest_route=\/wp\/v2\/pages"}],"about":[{"href":"https:\/\/kultuerchen.org\/index.php?rest_route=\/wp\/v2\/types\/page"}],"author":[{"embeddable":true,"href":"https:\/\/kultuerchen.org\/index.php?rest_route=\/wp\/v2\/users\/1"}],"replies":[{"embeddable":true,"href":"https:\/\/kultuerchen.org\/index.php?rest_route=%2Fwp%2Fv2%2Fcomments&post=77"}],"version-history":[{"count":3,"href":"https:\/\/kultuerchen.org\/index.php?rest_route=\/wp\/v2\/pages\/77\/revisions"}],"predecessor-version":[{"id":96,"href":"https:\/\/kultuerchen.org\/index.php?rest_route=\/wp\/v2\/pages\/77\/revisions\/96"}],"wp:attachment":[{"href":"https:\/\/kultuerchen.org\/index.php?rest_route=%2Fwp%2Fv2%2Fmedia&parent=77"}],"curies":[{"name":"wp","href":"https:\/\/api.w.org\/{rel}","templated":true}]}}