{"id":78,"date":"2019-04-29T13:41:07","date_gmt":"2019-04-29T13:41:07","guid":{"rendered":"https:\/\/neu.kultuerchen.org\/?page_id=78"},"modified":"2019-04-29T13:46:36","modified_gmt":"2019-04-29T13:46:36","slug":"live-buehne-oktobermarkt","status":"publish","type":"page","link":"https:\/\/kultuerchen.org\/?page_id=78","title":{"rendered":"Live B\u00fchne (Oktobermarkt)"},"content":{"rendered":"\n<p>Die Rockhouse Live-B\u00fchne ist das Herzst\u00fcck des Jugendprogrammes auf dem Burgdorfer Stadtfest, denn hier schl\u00e4gt der Beat und damit der Puls der Jugend und der Zeit. Zusammen mit dem Johnny B. pr\u00e4sentiert das KulT\u00fcrchen schon seit \u00fcber 10 Jahren ein 3-t\u00e4giges B\u00fchnenprogramm, l\u00e4dt zu Mitmachaktionen ein und bietet jungen Nachwuchsbands, T\u00e4nzern und sportlichen Talenten aus der Region die M\u00f6glichkeit sich selbst vor einem gro\u00dfen Publikum zu pr\u00e4sentieren. Abgerundet wird dieses Programm von \u00fcberregional bekannten K\u00fcnstlern, die mit Musik und Show dem Publikum in den Abendstunden einheizen. <\/p>\n","protected":false},"excerpt":{"rendered":"<p>Die Rockhouse Live-B\u00fchne ist das Herzst\u00fcck des Jugendprogrammes auf dem Burgdorfer Stadtfest, denn hier schl\u00e4gt der Beat und damit der Puls der Jugend und der Zeit. Zusammen mit dem Johnny B. pr\u00e4sentiert das KulT\u00fcrchen schon seit \u00fcber 10 Jahren ein 3-t\u00e4giges B\u00fchnenprogramm, l\u00e4dt zu Mitmachaktionen ein und bietet jungen Nachwuchsbands, T\u00e4nzern und sportlichen Talenten aus &hellip; <\/p>\n<p class=\"link-more\"><a href=\"https:\/\/kultuerchen.org\/?page_id=78\" class=\"more-link\"><span class=\"screen-reader-text\">\u201eLive B\u00fchne (Oktobermarkt)\u201c <\/span>weiterlesen<\/a><\/p>\n","protected":false},"author":1,"featured_media":0,"parent":0,"menu_order":0,"comment_status":"closed","ping_status":"closed","template":"","meta":{"ngg_post_thumbnail":0,"footnotes":""},"class_list":["post-78","page","type-page","status-publish","hentry","entry"],"_links":{"self":[{"href":"https:\/\/kultuerchen.org\/index.php?rest_route=\/wp\/v2\/pages\/78","targetHints":{"allow":["GET"]}}],"collection":[{"href":"https:\/\/kultuerchen.org\/index.php?rest_route=\/wp\/v2\/pages"}],"about":[{"href":"https:\/\/kultuerchen.org\/index.php?rest_route=\/wp\/v2\/types\/page"}],"author":[{"embeddable":true,"href":"https:\/\/kultuerchen.org\/index.php?rest_route=\/wp\/v2\/users\/1"}],"replies":[{"embeddable":true,"href":"https:\/\/kultuerchen.org\/index.php?rest_route=%2Fwp%2Fv2%2Fcomments&post=78"}],"version-history":[{"count":2,"href":"https:\/\/kultuerchen.org\/index.php?rest_route=\/wp\/v2\/pages\/78\/revisions"}],"predecessor-version":[{"id":97,"href":"https:\/\/kultuerchen.org\/index.php?rest_route=\/wp\/v2\/pages\/78\/revisions\/97"}],"wp:attachment":[{"href":"https:\/\/kultuerchen.org\/index.php?rest_route=%2Fwp%2Fv2%2Fmedia&parent=78"}],"curies":[{"name":"wp","href":"https:\/\/api.w.org\/{rel}","templated":true}]}}