{"id":79,"date":"2019-04-29T13:41:07","date_gmt":"2019-04-29T13:41:07","guid":{"rendered":"https:\/\/neu.kultuerchen.org\/?page_id=79"},"modified":"2019-04-29T13:49:34","modified_gmt":"2019-04-29T13:49:34","slug":"prinz-projekt","status":"publish","type":"page","link":"https:\/\/kultuerchen.org\/?page_id=79","title":{"rendered":"Prinz-Projekt"},"content":{"rendered":"\n<p> Das Projekt Prinz wurde von Horst Gohla, dem Leiter des Johnny B. (Haus der Jugend Burgdorf), in Kooperation mit der Prinzhornschule entwickelt. \u00dcber viele Jahre enger Zusammenarbeit zwischen beiden Einrichtungen hat sich dieses Projekt entwickelt. Kinder und Jugendliche ab Klasse 5 finden hier ein umfassendes und sinnvolles Betreuungsangebot. Das Projekt ist nicht allein auf Sch\u00fcler der Prinzhornschule beschr\u00e4nkt. Auch Sch\u00fcler und Sch\u00fclerinnen anderer Schulformen k\u00f6nnen hieran teilnehmen. Die Gruppe besteht aus bis zu 20 Kindern und Jugendlichen.<br>Die Betreuung erfolgt direkt nach der Schule, Die Teilnehmer kommen an 3 Tagen in der Woche nach der Schule ins JohnnyB. Am Dienstag, Mittwoch und Donnerstag helfen sie dann bei der Zubereitung des Mittagessens, decken den Tisch und bereiten die Mahrzeiten vor, die dann in Gemeinschaft verspeist werden.<br>Nach dem Essen werden die Kinder bei den Hausaufgaben betreut. Im Anschluss k\u00f6nnen die Kinder an Freizeitaktivit\u00e4ten und Angeboten bis 16 Uhr teilnehmen. Dieses Projekt wird \u00fcberwiegend durch Spendengelder finanziert, die von den Vereinen \u201cKult\u00fcrchen\u201d e.V., \u201cAlles Banane\u201d e. V. und der Tafel zu Verf\u00fcgung gestellt werden. <\/p>\n\n\n\n<h3 class=\"wp-block-heading\">Ziele des Projekt Prinz<\/h3>\n\n\n\n<p>Das Projekt Prinz will erreichen, dass lernschwache, verhaltensauff\u00e4llige Kinder die Angebotsvielfalt des Johnny B. kennen lernen und daran teilnehmen. Das \u201csoziale Lernen\u201d steht im Vordergrund. Sie sollen lernen fair miteinander umzugehen, sich zu respektieren und sich gegenseitig zu helfen. Somit sollen auf eine einfache Weise Teile des Sozialtrainings vermittelt werden. Hierzu geh\u00f6rt die F\u00f6rderung der Wahrnehmung, der Interaktionsf\u00e4higkeit, des Selbstbewusstseins und der Kommunikations- bzw. Ausdrucksf\u00e4higkeit. Ein weiteres Ziel des Projektes ist die F\u00f6rderung der Gesundheit, der Kreativit\u00e4t und der Selbst-st\u00e4ndigkeit der Kinder. Dazu kommt, dass Kinder und Jugendliche das JohnnyB. einmal von einer ganz anderen Seite kennen lernen. Sie erfahren die M\u00f6glichkeiten und eventuell auch die Freiheiten, die ihnen das JohnnyB. bieten kann. Nat\u00fcrlich spielen Spa\u00df und Freude in diesem Projekt ebenfalls eine gro\u00dfe Rolle. <\/p>\n\n\n\n<h3 class=\"wp-block-heading\"> Zielf\u00fchrende Angebote <\/h3>\n\n\n\n<p>Das soziale Lernen der Kinder wird gef\u00f6rdert durch\u00a0\u00a0\u00a0\u00a0 Interaktionsspiele, gemeinsames Kochen und gemeinsame\u00a0 Zirkustheaterproben sowie Auff\u00fchrungen und Ausfl\u00fcgen. Die Gesundheit der Kinder wird durch Bewegungsangebote und das t\u00e4gliche gesunde Kochen unterst\u00fctzt. Durch Malangebote im Atelier und Werkangebote erhalten die Kinder die M\u00f6glichkeit ihre Kreativit\u00e4t zu entwickeln. Bei allen Angeboten spielt der Aspekt der F\u00f6rderung der Selbstst\u00e4ndigkeit eine gro\u00dfe Rolle. Angeboten werden unter anderem Spielnachmittage, Internetsurfen, M\u00e4dchen\u00fcber-nachtungen, Besuche in der B\u00fccherei, Besuche des Tierheimes usw. <\/p>\n","protected":false},"excerpt":{"rendered":"<p>Das Projekt Prinz wurde von Horst Gohla, dem Leiter des Johnny B. (Haus der Jugend Burgdorf), in Kooperation mit der Prinzhornschule entwickelt. \u00dcber viele Jahre enger Zusammenarbeit zwischen beiden Einrichtungen hat sich dieses Projekt entwickelt. Kinder und Jugendliche ab Klasse 5 finden hier ein umfassendes und sinnvolles Betreuungsangebot. Das Projekt ist nicht allein auf Sch\u00fcler &hellip; <\/p>\n<p class=\"link-more\"><a href=\"https:\/\/kultuerchen.org\/?page_id=79\" class=\"more-link\"><span class=\"screen-reader-text\">\u201ePrinz-Projekt\u201c <\/span>weiterlesen<\/a><\/p>\n","protected":false},"author":1,"featured_media":0,"parent":0,"menu_order":0,"comment_status":"closed","ping_status":"closed","template":"","meta":{"ngg_post_thumbnail":0,"footnotes":""},"class_list":["post-79","page","type-page","status-publish","hentry","entry"],"_links":{"self":[{"href":"https:\/\/kultuerchen.org\/index.php?rest_route=\/wp\/v2\/pages\/79","targetHints":{"allow":["GET"]}}],"collection":[{"href":"https:\/\/kultuerchen.org\/index.php?rest_route=\/wp\/v2\/pages"}],"about":[{"href":"https:\/\/kultuerchen.org\/index.php?rest_route=\/wp\/v2\/types\/page"}],"author":[{"embeddable":true,"href":"https:\/\/kultuerchen.org\/index.php?rest_route=\/wp\/v2\/users\/1"}],"replies":[{"embeddable":true,"href":"https:\/\/kultuerchen.org\/index.php?rest_route=%2Fwp%2Fv2%2Fcomments&post=79"}],"version-history":[{"count":2,"href":"https:\/\/kultuerchen.org\/index.php?rest_route=\/wp\/v2\/pages\/79\/revisions"}],"predecessor-version":[{"id":98,"href":"https:\/\/kultuerchen.org\/index.php?rest_route=\/wp\/v2\/pages\/79\/revisions\/98"}],"wp:attachment":[{"href":"https:\/\/kultuerchen.org\/index.php?rest_route=%2Fwp%2Fv2%2Fmedia&parent=79"}],"curies":[{"name":"wp","href":"https:\/\/api.w.org\/{rel}","templated":true}]}}