{"id":80,"date":"2019-04-29T13:41:07","date_gmt":"2019-04-29T13:41:07","guid":{"rendered":"https:\/\/neu.kultuerchen.org\/?page_id=80"},"modified":"2019-04-29T13:51:28","modified_gmt":"2019-04-29T13:51:28","slug":"ponytreck","status":"publish","type":"page","link":"https:\/\/kultuerchen.org\/?page_id=80","title":{"rendered":"Ponytreck"},"content":{"rendered":"\n<p>\n\nKennt ihr das auch? Es sind Sommerferien, das Wetter l\u00e4dt&nbsp; nicht unbedingt zum Baden ein und au\u00dferdem, allein macht das sowieso keinen Spa\u00df. Mit Freunden treffen? W\u00e4re ja sch\u00f6n, aber es ist keiner da. Alle Freunde sind im Urlaub oder haben keine Zeit. Vollkommen \u00f6de! Was also machen?<br>Um diesem \u00dcbel vorzubeugen veranstaltet das Johnny B. die Ferienaktion \u201eRund um Burgdorf\u201c, ein Zirkusponytreck f\u00fcr Kinder ab 8 Jahren. Mittlerweile ist diese Aktion zu einem festen Highlight unserer Jugendeinrichtung geworden. Immer zum Ende der Sommerferien macht sich ein Trupp zirkus- und pferdew\u00fctiger Kinder auf den Weg die Freib\u00e4der rund um Burgdorf zu erobern. Nun, wir sind nicht bei Asterix und Obelix, auch wenn unser Feldlager denen der R\u00f6mer nicht un\u00e4hnlich ist. Also fangen wir beim Anfang an.<\/p>\n\n\n\n<p>Unsere Ferienaktion startet erst einmal v\u00f6llig normal mit einem Artikel im Ferienkompass. Da steht unsere Aktion kurz beschrieben mit allen Daten. Die teilnehmenden Kids von ca. 8 \u2013 16 Jahren treffen sich 5 Tage lang, um unbekannte oder auch schon erfahrene Zirkusluft zu schnuppern. Und so langsam entwickelt sich aus den verschiedenen Neigungen im Laufe der Tage ein komplettes Zirkusprogramm oder aber auch eine Zirkusgeschichte.<br>Wenn dann nach einigen Schwei\u00dftropfen und viel Aufregung samt B\u00fchnenbild, Kost\u00fcmen und Requisiten das Programm steht, geht es auf Tournee. Aber vorher sei allen erst mal ein paar Tage Ruhe geg\u00f6nnt. Dann geht es also in der zweiten Woche mit Ponys, Planwagen, Kutscher, Zirkuszelt und zahllosen Helfern auf Reisen. Von Freibad zu Freibad f\u00fchrt unsere Reise und am Ende ist die \u00dcbernachtung und der Auftritt auf dem Pferdemarkt ein Abschluss der besonderen Art.<\/p>\n\n\n\n<p>W\u00e4hrend dieser Tour f\u00fchlt sich jeder \u2013 wie fr\u00fcher das fahrende Volk auch \u2013 ein wenig wie vogelfrei, mit allen H\u00f6hen und Tiefen, Unannehmlichkeiten und Gl\u00fccksgef\u00fchlen, aber um unendlich viele Eindr\u00fccke reicher. Voraussetzung f\u00fcr diese besondere Ferienaktion sind in erster Linie nicht ausgepr\u00e4gte Reit- oder Zirkusk\u00fcnste, sondern eher die Freude sich auf neue Dinge einzulassen,&nbsp; zu erfahren und auszuprobieren und Lust auf Abenteuer und neue Freunde.<\/p>\n","protected":false},"excerpt":{"rendered":"<p>Kennt ihr das auch? Es sind Sommerferien, das Wetter l\u00e4dt&nbsp; nicht unbedingt zum Baden ein und au\u00dferdem, allein macht das sowieso keinen Spa\u00df. Mit Freunden treffen? W\u00e4re ja sch\u00f6n, aber es ist keiner da. Alle Freunde sind im Urlaub oder haben keine Zeit. Vollkommen \u00f6de! Was also machen?Um diesem \u00dcbel vorzubeugen veranstaltet das Johnny B. &hellip; <\/p>\n<p class=\"link-more\"><a href=\"https:\/\/kultuerchen.org\/?page_id=80\" class=\"more-link\"><span class=\"screen-reader-text\">\u201ePonytreck\u201c <\/span>weiterlesen<\/a><\/p>\n","protected":false},"author":1,"featured_media":0,"parent":0,"menu_order":0,"comment_status":"closed","ping_status":"closed","template":"","meta":{"ngg_post_thumbnail":0,"footnotes":""},"class_list":["post-80","page","type-page","status-publish","hentry","entry"],"_links":{"self":[{"href":"https:\/\/kultuerchen.org\/index.php?rest_route=\/wp\/v2\/pages\/80","targetHints":{"allow":["GET"]}}],"collection":[{"href":"https:\/\/kultuerchen.org\/index.php?rest_route=\/wp\/v2\/pages"}],"about":[{"href":"https:\/\/kultuerchen.org\/index.php?rest_route=\/wp\/v2\/types\/page"}],"author":[{"embeddable":true,"href":"https:\/\/kultuerchen.org\/index.php?rest_route=\/wp\/v2\/users\/1"}],"replies":[{"embeddable":true,"href":"https:\/\/kultuerchen.org\/index.php?rest_route=%2Fwp%2Fv2%2Fcomments&post=80"}],"version-history":[{"count":2,"href":"https:\/\/kultuerchen.org\/index.php?rest_route=\/wp\/v2\/pages\/80\/revisions"}],"predecessor-version":[{"id":99,"href":"https:\/\/kultuerchen.org\/index.php?rest_route=\/wp\/v2\/pages\/80\/revisions\/99"}],"wp:attachment":[{"href":"https:\/\/kultuerchen.org\/index.php?rest_route=%2Fwp%2Fv2%2Fmedia&parent=80"}],"curies":[{"name":"wp","href":"https:\/\/api.w.org\/{rel}","templated":true}]}}